{"id":17932,"date":"2024-11-22T10:27:11","date_gmt":"2024-11-22T14:27:11","guid":{"rendered":"https:\/\/doe.tceam.tc.br\/?page_id=17932"},"modified":"2025-10-22T10:56:59","modified_gmt":"2025-10-22T14:56:59","slug":"pagina-reserva","status":"publish","type":"page","link":"https:\/\/doe.tceam.tc.br\/","title":{"rendered":"Pagina reserva"},"content":{"rendered":"\t\t<div data-elementor-type=\"wp-page\" data-elementor-id=\"17932\" class=\"elementor elementor-17932\" data-elementor-post-type=\"page\">\n\t\t\t\t\t\t<section class=\"elementor-section elementor-top-section elementor-element elementor-element-7da79b8 elementor-section-full_width elementor-section-height-default elementor-section-height-default\" data-id=\"7da79b8\" data-element_type=\"section\" data-e-type=\"section\">\n\t\t\t\t\t\t<div class=\"elementor-container elementor-column-gap-default\">\n\t\t\t\t\t<div class=\"elementor-column elementor-col-25 elementor-top-column elementor-element elementor-element-3b9fc79\" data-id=\"3b9fc79\" data-element_type=\"column\" data-e-type=\"column\">\n\t\t\t<div class=\"elementor-widget-wrap\">\n\t\t\t\t\t\t\t<\/div>\n\t\t<\/div>\n\t\t\t\t<div class=\"elementor-column elementor-col-25 elementor-top-column elementor-element elementor-element-f9ffa37\" data-id=\"f9ffa37\" data-element_type=\"column\" data-e-type=\"column\">\n\t\t\t<div class=\"elementor-widget-wrap elementor-element-populated\">\n\t\t\t\t\t\t<div class=\"elementor-element elementor-element-1f6321b elementor-widget elementor-widget-spacer\" data-id=\"1f6321b\" data-element_type=\"widget\" data-e-type=\"widget\" data-widget_type=\"spacer.default\">\n\t\t\t\t<div class=\"elementor-widget-container\">\n\t\t\t\t\t\t\t<div class=\"elementor-spacer\">\n\t\t\t<div class=\"elementor-spacer-inner\"><\/div>\n\t\t<\/div>\n\t\t\t\t\t\t<\/div>\n\t\t\t\t<\/div>\n\t\t\t\t<div class=\"elementor-element elementor-element-ae2dce9 elementor-widget elementor-widget-heading\" data-id=\"ae2dce9\" data-element_type=\"widget\" data-e-type=\"widget\" data-widget_type=\"heading.default\">\n\t\t\t\t<div class=\"elementor-widget-container\">\n\t\t\t\t\t<h2 class=\"elementor-heading-title elementor-size-default\">Publica\u00e7\u00f5es<\/h2>\t\t\t\t<\/div>\n\t\t\t\t<\/div>\n\t\t\t\t<div class=\"elementor-element elementor-element-da637cd elementor-widget elementor-widget-spacer\" data-id=\"da637cd\" data-element_type=\"widget\" data-e-type=\"widget\" data-widget_type=\"spacer.default\">\n\t\t\t\t<div class=\"elementor-widget-container\">\n\t\t\t\t\t\t\t<div class=\"elementor-spacer\">\n\t\t\t<div class=\"elementor-spacer-inner\"><\/div>\n\t\t<\/div>\n\t\t\t\t\t\t<\/div>\n\t\t\t\t<\/div>\n\t\t\t\t<div class=\"elementor-element elementor-element-78a8461 elementor-widget__width-initial load-more-align-center elementor-widget elementor-widget-posts\" data-id=\"78a8461\" data-element_type=\"widget\" data-e-type=\"widget\" data-settings=\"{&quot;pagination_type&quot;:&quot;load_more_on_click&quot;,&quot;full_content_row_gap&quot;:{&quot;unit&quot;:&quot;px&quot;,&quot;size&quot;:8,&quot;sizes&quot;:[]},&quot;load_more_spinner&quot;:{&quot;value&quot;:&quot;fas fa-spinner&quot;,&quot;library&quot;:&quot;fa-solid&quot;}}\" data-widget_type=\"posts.full_content\">\n\t\t\t\t<div class=\"elementor-widget-container\">\n\t\t\t\t\t\t\t<div class=\"elementor-posts-container elementor-posts elementor-posts--skin-full_content elementor-grid\">\n\t\t\t\t<article class=\"elementor-post elementor-grid-item post-19398 post type-post status-publish format-standard hentry category-publicacoes-doe\">\n\t\t\t\t<div class=\"elementor-post__text\">\n\t\t\t\t<h3 class=\"elementor-post__title\">\n\t\t\t<a href=\"https:\/\/doe.tceam.tc.br\/?p=19398\" >\n\t\t\t\tEdi\u00e7\u00e3o de n\u00b03775 de 30 de Abril de 2026\t\t\t<\/a>\n\t\t<\/h3>\n\t\t\t\t<div class=\"elementor-post__meta-data\">\n\t\t\t\t\t<span class=\"elementor-post-date\">\n\t\t\t30 de abril de 2026\t\t<\/span>\n\t\t\t\t<\/div>\n\t\t<p><strong><a href=\"https:\/\/doe.tceam.tc.br\/wp-content\/uploads\/2026\/04\/Edicao-de-n\u00b03775-de-30-de-Abril-de-2026.pdf\">Abrir Edi\u00e7\u00e3o<\/a><\/strong><\/p>\n\t\t<\/div>\n\t\t\t\t<\/article>\n\t\t\t\t<article class=\"elementor-post elementor-grid-item post-19395 post type-post status-publish format-standard hentry category-publicacoes-doe\">\n\t\t\t\t<div class=\"elementor-post__text\">\n\t\t\t\t<h3 class=\"elementor-post__title\">\n\t\t\t<a href=\"https:\/\/doe.tceam.tc.br\/?p=19395\" >\n\t\t\t\tEdi\u00e7\u00e3o de n\u00b03774 de 29 de Abril de 2026\t\t\t<\/a>\n\t\t<\/h3>\n\t\t\t\t<div class=\"elementor-post__meta-data\">\n\t\t\t\t\t<span class=\"elementor-post-date\">\n\t\t\t29 de abril de 2026\t\t<\/span>\n\t\t\t\t<\/div>\n\t\t<p><strong><a href=\"https:\/\/doe.tceam.tc.br\/wp-content\/uploads\/2026\/04\/Edicao-de-n\u00b03774-de-29-de-Abril-de-2026.pdf\">Abrir Edi\u00e7\u00e3o<\/a><\/strong><\/p>\n\t\t<\/div>\n\t\t\t\t<\/article>\n\t\t\t\t<article class=\"elementor-post elementor-grid-item post-19391 post type-post status-publish format-standard hentry category-publicacoes-doe\">\n\t\t\t\t<div class=\"elementor-post__text\">\n\t\t\t\t<h3 class=\"elementor-post__title\">\n\t\t\t<a href=\"https:\/\/doe.tceam.tc.br\/?p=19391\" >\n\t\t\t\tEdi\u00e7\u00e3o de n\u00b03773 de 28 de Abril de 2026\t\t\t<\/a>\n\t\t<\/h3>\n\t\t\t\t<div class=\"elementor-post__meta-data\">\n\t\t\t\t\t<span class=\"elementor-post-date\">\n\t\t\t28 de abril de 2026\t\t<\/span>\n\t\t\t\t<\/div>\n\t\t<p><strong><a href=\"https:\/\/doe.tceam.tc.br\/wp-content\/uploads\/2026\/04\/Edicao-de-n\u00b03773-de-28-de-Abril-de-2026.pdf\">Abrir Edi\u00e7\u00e3o<\/a><\/strong><\/p>\n\t\t<\/div>\n\t\t\t\t<\/article>\n\t\t\t\t<\/div>\n\t\t\t\t\t<span class=\"e-load-more-spinner\">\n\t\t\t\t<i aria-hidden=\"true\" class=\"fas fa-spinner\"><\/i>\t\t\t<\/span>\n\t\t\n\t\t\t\t<div class=\"e-load-more-anchor\" data-page=\"1\" data-max-page=\"1278\" data-next-page=\"https:\/\/doe.tceam.tc.br\/index.php?rest_route=%2Fwp%2Fv2%2Fpages%2F17932&#038;paged=2\"><\/div>\n\t\t\t\t<div class=\"elementor-button-wrapper\">\n\t\t\t<a href=\"#\" class=\"elementor-button-link elementor-button\" role=\"button\">\n\t\t\t\t\t\t<span class=\"elementor-button-content-wrapper\">\n\t\t\t\t\t\t\t<span class=\"elementor-button-icon\">\n\t\t\t\t<i aria-hidden=\"true\" class=\"fas fa-arrow-down\"><\/i>\t\t\t<\/span>\n\t\t\t\t\t\t\t\t\t<span class=\"elementor-button-text\">Veja mais<\/span>\n\t\t\t\t\t<\/span>\n\t\t\t\t\t<\/a>\n\t\t<\/div>\n\t\t\t\t<div class=\"e-load-more-message\"><\/div>\n\t\t\t\t\t\t<\/div>\n\t\t\t\t<\/div>\n\t\t\t\t\t<\/div>\n\t\t<\/div>\n\t\t\t\t<div class=\"elementor-column elementor-col-25 elementor-top-column elementor-element elementor-element-07088b4\" data-id=\"07088b4\" data-element_type=\"column\" data-e-type=\"column\" data-settings=\"{&quot;background_background&quot;:&quot;classic&quot;}\">\n\t\t\t<div class=\"elementor-widget-wrap elementor-element-populated\">\n\t\t\t\t\t\t<div class=\"elementor-element elementor-element-ac94ada elementor-widget__width-initial elementor-widget elementor-widget-html\" data-id=\"ac94ada\" data-element_type=\"widget\" data-e-type=\"widget\" data-widget_type=\"html.default\">\n\t\t\t\t<div class=\"elementor-widget-container\">\n\t\t\t\t\t<!DOCTYPE html>\r\n<html lang=\"pt-BR\">\r\n<head>\r\n    <meta charset=\"UTF-8\">\r\n    <meta name=\"viewport\" content=\"width=device-width, initial-scale=1.0\">\r\n    <meta http-equiv=\"X-UA-Compatible\" content=\"IE=edge\">\r\n    <title>Formul\u00e1rio de Pesquisa<\/title>\r\n    <style>\r\n        body {\r\n            font-family: Arial, sans-serif;\r\n            margin: 0;\r\n            padding: 20px;\r\n        }\r\n        .form-container {\r\n            background-color: #f4f4f4;\r\n            padding: 20px;\r\n            border-radius: 8px;\r\n            box-shadow: 0 0 10px rgba(0, 0, 0, 0.1);\r\n            max-width: 100%;\r\n            margin: auto;\r\n        }\r\n        .form-container h2 {\r\n            margin-top: 0;\r\n        }\r\n        .form-container input[type=\"text\"],\r\n        .form-container input[type=\"date\"],\r\n        .form-container button {\r\n            width: calc(100% - 22px);\r\n            padding: 10px;\r\n            margin: 10px 0;\r\n            border: 1px solid #d3d3d3;\r\n            border-radius: 4px;\r\n        }\r\n        .form-container .date-fields {\r\n            display: flex;\r\n            justify-content: space-between;\r\n        }\r\n        .form-container .date-fields input[type=\"date\"] {\r\n            width: calc(48% - 11px);\r\n        }\r\n        .form-container button {\r\n            width: 100%;\r\n            background-color: #808080;\r\n            color: white;\r\n            border: none;\r\n            cursor: pointer;\r\n        }\r\n        .form-container button:hover {\r\n            background-color: #696969;\r\n        }\r\n        .form-container input[type=\"text\"]:focus,\r\n        .form-container input[type=\"date\"]:focus {\r\n            border-color: #4CAF50;\r\n        }\r\n    <\/style>\r\n<\/head>\r\n<body>\r\n    <div class=\"form-container\">\r\n        <center><h4>Busca no DOE<\/h4><\/center>\r\n        <input type=\"text\" id=\"campo-pesquisa2\" placeholder=\"Digite o texto para buscar...\" style=\"width:100%;padding:5px;\">\r\n        <input type=\"text\" id=\"numero-doe2\" placeholder=\"N\u00famero do DOE\" style=\"width:100%; padding:5px;\">\r\n        <div class=\"date-fields\">\r\n            <input type=\"date\" id=\"data-inicial2\" placeholder=\"Data Inicial\" style=\"width:48%;padding:5px;\">\r\n            <input type=\"date\" id=\"data-final2\" placeholder=\"Data Final\" style=\"width:48%;padding:5px;\">\r\n        <\/div>\r\n        <button id=\"botao-pesquisar2\" style=\"width:100%; padding:5px;\">Pesquisar<\/button>\r\n        <select id=\"ordenacao2\" style=\"width:50%; padding:5px; margin:10px 0;\">\r\n            <option value=\"relevancia\">Relev\u00e2ncia<\/option>\r\n            <option value=\"date_asc\">Data Crescente<\/option>\r\n            <option value=\"date_desc\">Data Decrescente<\/option>\r\n        <\/select>\r\n        <div id=\"resultado-unidades\">\r\n            <!-- A lista de unidades gestoras ser\u00e1 exibida aqui -->\r\n        <\/div>\r\n    <\/div>\r\n\r\n    <!-- Inclui o arquivo JavaScript -->\r\n    <script>\r\n        document.addEventListener('DOMContentLoaded', function () {\r\n            document.getElementById(\"botao-pesquisar2\").addEventListener(\"click\", function() {\r\n                enviarFormulario();\r\n            });\r\n\r\n            \/\/ Fun\u00e7\u00e3o para redirecionar a p\u00e1gina\r\n            function enviarFormulario() {\r\n                \/\/ Obtenha os valores dos campos do formul\u00e1rio\r\n                const campoPesquisa = document.getElementById(\"campo-pesquisa2\").value;\r\n                const numeroDoe = document.getElementById(\"numero-doe2\").value;\r\n                const dataInicial = document.getElementById(\"data-inicial2\").value;\r\n                const dataFinal = document.getElementById(\"data-final2\").value;\r\n                const ordenacao = document.getElementById(\"ordenacao2\").value;\r\n            \r\n                \/\/ Crie uma URL com par\u00e2metros de consulta\r\n                const baseUrl = \"https:\/\/doe.tceam.tc.br\/\";  \/\/ URL base para pesquisa\r\n                const urlParams = new URLSearchParams();\r\n            \r\n                \/\/ Adicione os par\u00e2metros \u00e0 URL\r\n                urlParams.append(\"page_id\", \"17427\");  \/\/ Substitua com a ID de p\u00e1gina que voc\u00ea deseja\r\n                if (campoPesquisa) urlParams.append(\"query\", campoPesquisa);\r\n                if (numeroDoe) urlParams.append(\"numeroDoe\", numeroDoe);\r\n                if (dataInicial) urlParams.append(\"dataInicial\", dataInicial);\r\n                if (dataFinal) urlParams.append(\"dataFinal\", dataFinal);\r\n                urlParams.append(\"ordenacao\", ordenacao); \/\/ Ordena\u00e7\u00e3o \u00e9 obrigat\u00f3rio\r\n            \r\n                \/\/ Combine a URL base com os par\u00e2metros\r\n                const fullUrl = `${baseUrl}?${urlParams.toString()}`;\r\n            \r\n                \/\/ Redireciona para a URL gerada com um pequeno delay para garantir a execu\u00e7\u00e3o\r\n                setTimeout(function() {\r\n                    window.location.assign(fullUrl);  \/\/ Usar assign() pode ser mais confi\u00e1vel\r\n                }, 100);\r\n            }\r\n\r\n            \/\/ Ativar busca ao pressionar \"Enter\"\r\n            jQuery('#campo-pesquisa2, #numero-doe2, #data-inicial2, #data-final2').on('keypress', function(event) {\r\n                if (event.key === 'Enter') {\r\n                    event.preventDefault();\r\n                    enviarFormulario();\r\n                }\r\n            });\r\n        });\r\n    <\/script>\r\n<\/body>\r\n<\/html>\r\n\t\t\t\t<\/div>\n\t\t\t\t<\/div>\n\t\t\t\t<div class=\"elementor-element elementor-element-06f2db5 elementor-widget elementor-widget-wp-widget-calendar\" data-id=\"06f2db5\" data-element_type=\"widget\" data-e-type=\"widget\" data-widget_type=\"wp-widget-calendar.default\">\n\t\t\t\t<div class=\"elementor-widget-container\">\n\t\t\t\t\t<h5>Publica\u00e7\u00f5es do M\u00eas<\/h5><div id=\"calendar_wrap\" class=\"calendar_wrap\"><table id=\"wp-calendar\" class=\"wp-calendar-table\">\n\t<caption>maio 2026<\/caption>\n\t<thead>\n\t<tr>\n\t\t<th scope=\"col\" aria-label=\"segunda-feira\">S<\/th>\n\t\t<th scope=\"col\" aria-label=\"ter\u00e7a-feira\">T<\/th>\n\t\t<th scope=\"col\" aria-label=\"quarta-feira\">Q<\/th>\n\t\t<th scope=\"col\" aria-label=\"quinta-feira\">Q<\/th>\n\t\t<th scope=\"col\" aria-label=\"sexta-feira\">S<\/th>\n\t\t<th scope=\"col\" aria-label=\"s\u00e1bado\">S<\/th>\n\t\t<th scope=\"col\" aria-label=\"domingo\">D<\/th>\n\t<\/tr>\n\t<\/thead>\n\t<tbody>\n\t<tr>\n\t\t<td colspan=\"4\" class=\"pad\">&nbsp;<\/td><td>1<\/td><td id=\"today\">2<\/td><td>3<\/td>\n\t<\/tr>\n\t<tr>\n\t\t<td>4<\/td><td>5<\/td><td>6<\/td><td>7<\/td><td>8<\/td><td>9<\/td><td>10<\/td>\n\t<\/tr>\n\t<tr>\n\t\t<td>11<\/td><td>12<\/td><td>13<\/td><td>14<\/td><td>15<\/td><td>16<\/td><td>17<\/td>\n\t<\/tr>\n\t<tr>\n\t\t<td>18<\/td><td>19<\/td><td>20<\/td><td>21<\/td><td>22<\/td><td>23<\/td><td>24<\/td>\n\t<\/tr>\n\t<tr>\n\t\t<td>25<\/td><td>26<\/td><td>27<\/td><td>28<\/td><td>29<\/td><td>30<\/td><td>31<\/td>\n\t<\/tr>\n\t<\/tbody>\n\t<\/table><nav aria-label=\"Meses anteriores e seguintes\" class=\"wp-calendar-nav\">\n\t\t<span class=\"wp-calendar-nav-prev\"><a href=\"https:\/\/doe.tceam.tc.br\/?m=202604\">&laquo; abr<\/a><\/span>\n\t\t<span class=\"pad\">&nbsp;<\/span>\n\t\t<span class=\"wp-calendar-nav-next\">&nbsp;<\/span>\n\t<\/nav><\/div>\t\t\t\t<\/div>\n\t\t\t\t<\/div>\n\t\t\t\t\t<\/div>\n\t\t<\/div>\n\t\t\t\t<div class=\"elementor-column elementor-col-25 elementor-top-column elementor-element elementor-element-800bfc5\" data-id=\"800bfc5\" data-element_type=\"column\" data-e-type=\"column\">\n\t\t\t<div class=\"elementor-widget-wrap\">\n\t\t\t\t\t\t\t<\/div>\n\t\t<\/div>\n\t\t\t\t\t<\/div>\n\t\t<\/section>\n\t\t\t\t<\/div>\n\t\t","protected":false},"excerpt":{"rendered":"<p>Publica\u00e7\u00f5es Formul\u00e1rio de Pesquisa Busca no DOE Pesquisar Relev\u00e2nciaData CrescenteData Decrescente<\/p>\n","protected":false},"author":3,"featured_media":0,"parent":0,"menu_order":0,"comment_status":"closed","ping_status":"closed","template":"","meta":{"footnotes":""},"class_list":["post-17932","page","type-page","status-publish","hentry"],"_links":{"self":[{"href":"https:\/\/doe.tceam.tc.br\/index.php?rest_route=\/wp\/v2\/pages\/17932","targetHints":{"allow":["GET"]}}],"collection":[{"href":"https:\/\/doe.tceam.tc.br\/index.php?rest_route=\/wp\/v2\/pages"}],"about":[{"href":"https:\/\/doe.tceam.tc.br\/index.php?rest_route=\/wp\/v2\/types\/page"}],"author":[{"embeddable":true,"href":"https:\/\/doe.tceam.tc.br\/index.php?rest_route=\/wp\/v2\/users\/3"}],"replies":[{"embeddable":true,"href":"https:\/\/doe.tceam.tc.br\/index.php?rest_route=%2Fwp%2Fv2%2Fcomments&post=17932"}],"version-history":[{"count":19,"href":"https:\/\/doe.tceam.tc.br\/index.php?rest_route=\/wp\/v2\/pages\/17932\/revisions"}],"predecessor-version":[{"id":18891,"href":"https:\/\/doe.tceam.tc.br\/index.php?rest_route=\/wp\/v2\/pages\/17932\/revisions\/18891"}],"wp:attachment":[{"href":"https:\/\/doe.tceam.tc.br\/index.php?rest_route=%2Fwp%2Fv2%2Fmedia&parent=17932"}],"curies":[{"name":"wp","href":"https:\/\/api.w.org\/{rel}","templated":true}]}}